{"id":132,"date":"2021-09-01T14:37:35","date_gmt":"2021-09-01T14:37:35","guid":{"rendered":"https:\/\/oestfynsmuskelterapi.dk\/?page_id=132"},"modified":"2021-09-01T14:43:13","modified_gmt":"2021-09-01T14:43:13","slug":"gravidmassage","status":"publish","type":"page","link":"https:\/\/oestfynsmuskelterapi.dk\/index.php\/gravidmassage\/","title":{"rendered":"Gravidmassage"},"content":{"rendered":"\n<div class=\"wp-block-columns is-layout-flex wp-container-core-columns-is-layout-1 wp-block-columns-is-layout-flex\">\n<div class=\"wp-block-column is-layout-flow wp-block-column-is-layout-flow\">\n<p>Klinikken tilbyder nu massage til gravide. <br>En graviditet kan ofte v\u00e6re forbundet med \u00f8mme muskler i ryggen samt \u00f8mme og h\u00e6vede l\u00e6gge og ankler.<\/p>\n<\/div>\n\n\n\n<div class=\"wp-block-column is-layout-flow wp-block-column-is-layout-flow\">\n<figure class=\"wp-block-image size-large is-resized is-style-rounded\"><img loading=\"lazy\" decoding=\"async\" src=\"https:\/\/oestfynsmuskelterapi.dk\/wp-content\/uploads\/2021\/09\/240291804_240741597956545_5067190231793698136_n.jpg\" alt=\"\" class=\"wp-image-134\" width=\"288\" height=\"191\" srcset=\"https:\/\/oestfynsmuskelterapi.dk\/wp-content\/uploads\/2021\/09\/240291804_240741597956545_5067190231793698136_n.jpg 640w, https:\/\/oestfynsmuskelterapi.dk\/wp-content\/uploads\/2021\/09\/240291804_240741597956545_5067190231793698136_n-300x200.jpg 300w\" sizes=\"(max-width: 288px) 100vw, 288px\" \/><\/figure>\n<\/div>\n<\/div>\n\n\n\n<p>Gravidmassage er en blid, n\u00e6nsom og langsom massage, der tager k\u00e6rligt hensyn til de mange fysiske og psykologiske processer, der findes i graviditeten. <\/p>\n\n\n\n<div class=\"wp-block-image is-style-rounded\"><figure class=\"aligncenter size-large is-resized\"><img loading=\"lazy\" decoding=\"async\" src=\"https:\/\/oestfynsmuskelterapi.dk\/wp-content\/uploads\/2021\/09\/239699693_429515891810008_3665070806093324186_n.jpg\" alt=\"\" class=\"wp-image-133\" width=\"608\" height=\"405\" srcset=\"https:\/\/oestfynsmuskelterapi.dk\/wp-content\/uploads\/2021\/09\/239699693_429515891810008_3665070806093324186_n.jpg 640w, https:\/\/oestfynsmuskelterapi.dk\/wp-content\/uploads\/2021\/09\/239699693_429515891810008_3665070806093324186_n-300x200.jpg 300w\" sizes=\"(max-width: 608px) 100vw, 608px\" \/><\/figure><\/div>\n\n\n\n<p><br>Du kan f\u00e5 massage gennem hele graviditeten. Du kan ligge p\u00e5 maven og nyde massagen, da klinikken har en specialdesignet pude med hul til maven og brysterne, denne kan justeres s\u00e5 den passer til alle stadier i graviditeten og st\u00f8rrelser af maver, derudover har klinikken en elektrisk briks s\u00e5 det er nemt at komme af og p\u00e5.<\/p>\n\n\n\n<p><\/p>\n","protected":false},"excerpt":{"rendered":"<p>Klinikken tilbyder nu massage til gravide. En graviditet kan ofte v\u00e6re forbundet med \u00f8mme muskler i ryggen samt \u00f8mme og h\u00e6vede l\u00e6gge og ankler. Gravidmassage er en blid, n\u00e6nsom og langsom massage, der tager k\u00e6rligt hensyn til de mange fysiske og psykologiske processer, der findes i graviditeten. Du kan f\u00e5 massage gennem hele graviditeten. Du&hellip; <a class=\"more-link\" href=\"https:\/\/oestfynsmuskelterapi.dk\/index.php\/gravidmassage\/\">L\u00e6s mere <span class=\"screen-reader-text\">Gravidmassage<\/span><\/a><\/p>\n","protected":false},"author":1,"featured_media":0,"parent":0,"menu_order":0,"comment_status":"closed","ping_status":"closed","template":"","meta":{"footnotes":""},"class_list":["post-132","page","type-page","status-publish","hentry","entry"],"_links":{"self":[{"href":"https:\/\/oestfynsmuskelterapi.dk\/index.php\/wp-json\/wp\/v2\/pages\/132"}],"collection":[{"href":"https:\/\/oestfynsmuskelterapi.dk\/index.php\/wp-json\/wp\/v2\/pages"}],"about":[{"href":"https:\/\/oestfynsmuskelterapi.dk\/index.php\/wp-json\/wp\/v2\/types\/page"}],"author":[{"embeddable":true,"href":"https:\/\/oestfynsmuskelterapi.dk\/index.php\/wp-json\/wp\/v2\/users\/1"}],"replies":[{"embeddable":true,"href":"https:\/\/oestfynsmuskelterapi.dk\/index.php\/wp-json\/wp\/v2\/comments?post=132"}],"version-history":[{"count":4,"href":"https:\/\/oestfynsmuskelterapi.dk\/index.php\/wp-json\/wp\/v2\/pages\/132\/revisions"}],"predecessor-version":[{"id":141,"href":"https:\/\/oestfynsmuskelterapi.dk\/index.php\/wp-json\/wp\/v2\/pages\/132\/revisions\/141"}],"wp:attachment":[{"href":"https:\/\/oestfynsmuskelterapi.dk\/index.php\/wp-json\/wp\/v2\/media?parent=132"}],"curies":[{"name":"wp","href":"https:\/\/api.w.org\/{rel}","templated":true}]}}