{"id":22,"date":"2021-03-22T11:04:38","date_gmt":"2021-03-22T11:04:38","guid":{"rendered":"http:\/\/oestfynsmuskelterapi.dk\/?page_id=22"},"modified":"2021-09-01T14:41:17","modified_gmt":"2021-09-01T14:41:17","slug":"kontakt","status":"publish","type":"page","link":"https:\/\/oestfynsmuskelterapi.dk\/index.php\/kontakt\/","title":{"rendered":"Kontakt"},"content":{"rendered":"\n<figure class=\"wp-block-table\"><table><tbody><tr><td>Kontaktinformation<\/td><td><\/td><\/tr><tr><td>Telefon<\/td><td>60 53 76 24<\/td><\/tr><tr><td>Email<\/td><td>Kontakt@oestfynsmuskelterapi.dk<\/td><\/tr><tr><td>Hjemmeside<\/td><td>oestfynsmuskelterapi.dk<\/td><\/tr><\/tbody><\/table><\/figure>\n\n\n\n<p>Adresse:  <\/p>\n\n\n<p><iframe src=\"https:\/\/www.google.com\/maps\/embed?pb=!1m18!1m12!1m3!1d692.9081901151608!2d10.676785137527098!3d55.292815868978!2m3!1f0!2f0!3f0!3m2!1i1024!2i768!4f13.1!3m3!1m2!1s0x464d3c7f164320af%3A0x9c478819f512b88a!2sGeneralgyden%201%2C%205853%20%C3%98rb%C3%A6k!5e1!3m2!1sda!2sdk!4v1618133332725!5m2!1sda!2sdk\" width=\"600\" height=\"450\" style=\"border:0;\" allowfullscreen=\"\" loading=\"lazy\"><\/iframe><\/p>\n\n\n\n<p>CVR: 42125342<br>Generalgyden 1<br>5853 \u00d8rb\u00e6k<\/p>\n\n\n\n<p>\u00d8stfyns Muskelterapi<br>Lene Christiansen<\/p>\n","protected":false},"excerpt":{"rendered":"<p>Kontaktinformation Telefon 60 53 76 24 Email Kontakt@oestfynsmuskelterapi.dk Hjemmeside oestfynsmuskelterapi.dk Adresse: CVR: 42125342Generalgyden 15853 \u00d8rb\u00e6k \u00d8stfyns MuskelterapiLene Christiansen<\/p>\n","protected":false},"author":1,"featured_media":0,"parent":0,"menu_order":0,"comment_status":"closed","ping_status":"closed","template":"","meta":{"footnotes":""},"class_list":["post-22","page","type-page","status-publish","hentry","entry"],"_links":{"self":[{"href":"https:\/\/oestfynsmuskelterapi.dk\/index.php\/wp-json\/wp\/v2\/pages\/22"}],"collection":[{"href":"https:\/\/oestfynsmuskelterapi.dk\/index.php\/wp-json\/wp\/v2\/pages"}],"about":[{"href":"https:\/\/oestfynsmuskelterapi.dk\/index.php\/wp-json\/wp\/v2\/types\/page"}],"author":[{"embeddable":true,"href":"https:\/\/oestfynsmuskelterapi.dk\/index.php\/wp-json\/wp\/v2\/users\/1"}],"replies":[{"embeddable":true,"href":"https:\/\/oestfynsmuskelterapi.dk\/index.php\/wp-json\/wp\/v2\/comments?post=22"}],"version-history":[{"count":6,"href":"https:\/\/oestfynsmuskelterapi.dk\/index.php\/wp-json\/wp\/v2\/pages\/22\/revisions"}],"predecessor-version":[{"id":140,"href":"https:\/\/oestfynsmuskelterapi.dk\/index.php\/wp-json\/wp\/v2\/pages\/22\/revisions\/140"}],"wp:attachment":[{"href":"https:\/\/oestfynsmuskelterapi.dk\/index.php\/wp-json\/wp\/v2\/media?parent=22"}],"curies":[{"name":"wp","href":"https:\/\/api.w.org\/{rel}","templated":true}]}}